{"id":3,"date":"2024-06-30T11:14:01","date_gmt":"2024-06-30T11:14:01","guid":{"rendered":"https:\/\/www.bajramaj-gradnja.hr\/?page_id=3"},"modified":"2024-07-18T08:18:56","modified_gmt":"2024-07-18T08:18:56","slug":"privacy-policy","status":"publish","type":"page","link":"https:\/\/www.bajramaj-gradnja.hr\/?page_id=3","title":{"rendered":"Politika privatnosti"},"content":{"rendered":"\n<h2 class=\"wp-block-heading\"><strong>POLITIKA PRIVATNOSTI<\/strong><\/h2>\n\n\n\n<p>Bajramaj gradnja d.o.o. po\u0161tuje va\u0161u privatnost i zala\u017ee se za za\u0161titu osobnih podataka dobivenih putem internetskog informacijskog sustava i ne\u0107e ih dijeliti s tre\u0107im stranama niti ih koristiti u druge svrhe bez va\u0161eg pristanka. U na\u0161em online informacijskom sustavu nalaze se odre\u0111ene veze do drugih vanjskih web stranica, koje nisu izravno povezane s na\u0161om tvrtkom.<\/p>\n\n\n\n<p>Bajramaj gradnja d.o.o. ne preuzima odgovornost za za\u0161titu podataka prona\u0111enih na tim web stranicama.<\/p>\n\n\n\n<p>Bajramaj gradnja d.o.o. se obvezuje da \u0107e u\u010diniti sve \u0161to je u njenoj mo\u0107i da za\u0161titi podatke i privatnost posjetitelja web stranice.<\/p>\n\n\n\n<p>Kako bi se sprije\u010dio neovla\u0161teni pristup dobivenim podacima ili njegovo otkrivanje, kako bi se odr\u017eala to\u010dnost osobnih podataka i osigurala njihova primjerena upotreba, uspostavljeni su odgovaraju\u0107i tehni\u010dki i organizacijski postupci za za\u0161titu podataka koji se prikupljaju. Budu\u0107i da Internet mo\u017ee biti nepredvidljiv, Bajramaj gradnja d.o.o. ne mo\u017ee sprije\u010diti mogu\u0107u zlouporabu podataka unato\u010d svim sigurnosnim mjerama i sigurnosnim komunikacijskim protokolima.<\/p>\n\n\n\n<p>Ova Pravila o privatnosti, u definiciji za\u0161tite osobnih podataka, ure\u0111uju prikupljanje, pohranu i upotrebu osobnih podataka koje je prikupio Bajramaj gradnja d.o.o. od vas, kada koristite web stranicu www.bajramaj gradnja.hr i povezane web stranice.<\/p>\n\n\n\n<h2 class=\"wp-block-heading\"><strong>INFORMACIJE KOJE PRIKUPLJAMO<\/strong><\/h2>\n\n\n\n<ul class=\"wp-block-list\">\n<li>Informacije koje prikupljamo prilikom pregledavanja na\u0161ih web stranica uklju\u010duju informacije unutar usluge&nbsp;<em>Google Analytics.&nbsp;<\/em>Vi\u0161e informacija u usluzi Google Analytics mo\u017eete pro\u010ditati ovdje&nbsp;<a href=\"https:\/\/support.google.com\/analytics\/answer\/6004245\">https:\/\/support.google.com\/analytics\/answer\/6004245<\/a><\/li>\n\n\n\n<li>Informacije koje prikupljamo prilikom pregledavanja na\u0161ih web stranica uklju\u010duju informacije unutar usluge&nbsp;<em>Google Adwords.&nbsp;<\/em>&nbsp;Vi\u0161e informacija u usluzi mo\u017eete pro\u010ditati&nbsp;<a href=\"https:\/\/policies.google.com\/privacy?hl=hr&amp;gl=hr\">https:\/\/policies.google.com\/privacy?hl=hr&amp;gl=hr<\/a><\/li>\n<\/ul>\n\n\n\n<h2 class=\"wp-block-heading\"><strong>ZA\u0160TO PRIKLJUPLJAMO INFORMACIJE<\/strong><\/h2>\n\n\n\n<ul class=\"wp-block-list\">\n<li>Informacije koje prikupljamo je isklju\u010divo iz razloga pobolj\u0161anja na\u0161e usluge, a na\u010din kroz aktivnosti koje uklju\u010duju:\n<ul class=\"wp-block-list\">\n<li>Prilagodbu na\u0161ih web stranica ovisno o tipu korisnika (tzv. &#8220;publike&#8221;) koji pregledavaju na\u0161e web stranice<\/li>\n\n\n\n<li>Pobolj\u0161anje sadr\u017eaja na\u0161ih web stranica kako bi korisnik na\u0161ih web stranica do\u0161ao do tra\u017eenih informacija u \u0161to kra\u0107em vremenskom periodu<\/li>\n\n\n\n<li>Unaprje\u0111enje sadr\u017eaja stranice na osnovu klju\u010dnih rije\u010di koje se upisuju u web pretra\u017eiteljima<\/li>\n<\/ul>\n<\/li>\n\n\n\n<li>Podaci koje upisujete putem web formulare na na\u0161oj web stranici koristimo za prikupljanje informacije o vlasnicima nekretnina, a vezano za mogu\u0107u poslovnu suradnju istih sa na\u0161om tvrtkom.<\/li>\n<\/ul>\n\n\n\n<p><strong>Sve prikupljene informacije koristimo za vlastite svrhe i ne dajemo tre\u0107im stranama.<\/strong><\/p>\n","protected":false},"excerpt":{"rendered":"<p>POLITIKA PRIVATNOSTI Bajramaj gradnja d.o.o. po\u0161tuje va\u0161u privatnost i zala\u017ee se za za\u0161titu osobnih podataka dobivenih putem internetskog informacijskog sustava i ne\u0107e ih dijeliti s tre\u0107im stranama niti ih koristiti u druge svrhe bez va\u0161eg pristanka. U na\u0161em online informacijskom sustavu nalaze se odre\u0111ene veze do drugih vanjskih web stranica, koje nisu izravno povezane s [&hellip;]<\/p>\n","protected":false},"author":1,"featured_media":0,"parent":0,"menu_order":0,"comment_status":"closed","ping_status":"closed","template":"","meta":{"footnotes":""},"class_list":["post-3","page","type-page","status-publish","hentry"],"_links":{"self":[{"href":"https:\/\/www.bajramaj-gradnja.hr\/index.php?rest_route=\/wp\/v2\/pages\/3","targetHints":{"allow":["GET"]}}],"collection":[{"href":"https:\/\/www.bajramaj-gradnja.hr\/index.php?rest_route=\/wp\/v2\/pages"}],"about":[{"href":"https:\/\/www.bajramaj-gradnja.hr\/index.php?rest_route=\/wp\/v2\/types\/page"}],"author":[{"embeddable":true,"href":"https:\/\/www.bajramaj-gradnja.hr\/index.php?rest_route=\/wp\/v2\/users\/1"}],"replies":[{"embeddable":true,"href":"https:\/\/www.bajramaj-gradnja.hr\/index.php?rest_route=%2Fwp%2Fv2%2Fcomments&post=3"}],"version-history":[{"count":3,"href":"https:\/\/www.bajramaj-gradnja.hr\/index.php?rest_route=\/wp\/v2\/pages\/3\/revisions"}],"predecessor-version":[{"id":351,"href":"https:\/\/www.bajramaj-gradnja.hr\/index.php?rest_route=\/wp\/v2\/pages\/3\/revisions\/351"}],"wp:attachment":[{"href":"https:\/\/www.bajramaj-gradnja.hr\/index.php?rest_route=%2Fwp%2Fv2%2Fmedia&parent=3"}],"curies":[{"name":"wp","href":"https:\/\/api.w.org\/{rel}","templated":true}]}}